{"id":392,"date":"2024-02-04T12:27:51","date_gmt":"2024-02-04T11:27:51","guid":{"rendered":"https:\/\/fsgneuchatel.mvsportlive.ch\/?page_id=392"},"modified":"2024-09-13T17:45:04","modified_gmt":"2024-09-13T15:45:04","slug":"mentions-legales","status":"publish","type":"page","link":"https:\/\/fsgyverdonancienne.mvsportlive.ch\/?page_id=392","title":{"rendered":"Mentions l\u00e9gales"},"content":{"rendered":"\t\t<div data-elementor-type=\"wp-page\" data-elementor-id=\"392\" class=\"elementor elementor-392\">\n\t\t\t\t\t\t<section class=\"elementor-section elementor-top-section elementor-element elementor-element-504a1a0 elementor-section-boxed elementor-section-height-default elementor-section-height-default\" data-id=\"504a1a0\" data-element_type=\"section\" data-e-type=\"section\">\n\t\t\t\t\t\t<div class=\"elementor-container elementor-column-gap-default\">\n\t\t\t\t\t<div class=\"elementor-column elementor-col-100 elementor-top-column elementor-element elementor-element-242c285\" data-id=\"242c285\" data-element_type=\"column\" data-e-type=\"column\">\n\t\t\t<div class=\"elementor-widget-wrap elementor-element-populated\">\n\t\t\t\t\t\t<div class=\"elementor-element elementor-element-f02a5b3 elementor-widget elementor-widget-heading\" data-id=\"f02a5b3\" data-element_type=\"widget\" data-e-type=\"widget\" data-widget_type=\"heading.default\">\n\t\t\t\t<div class=\"elementor-widget-container\">\n\t\t\t\t\t<h2 class=\"elementor-heading-title elementor-size-default\">Mentions L\u00e9gales<\/h2>\t\t\t\t<\/div>\n\t\t\t\t<\/div>\n\t\t\t\t<div class=\"elementor-element elementor-element-e8fa96e elementor-widget elementor-widget-text-editor\" data-id=\"e8fa96e\" data-element_type=\"widget\" data-e-type=\"widget\" data-widget_type=\"text-editor.default\">\n\t\t\t\t<div class=\"elementor-widget-container\">\n\t\t\t\t\t\t\t\t\t<pre><strong>Derni\u00e8re modification : 13 septembre 2024<\/strong><\/pre>\n<h2><span style=\"color: #000000;\">Si\u00e8ge social :<\/span><\/h2>\n<p><span style=\"color: #000000;\">MV. Sportlive S\u00e0rl<\/span><br><span style=\"color: #000000;\">rue des Troncs 14<\/span><br><span style=\"color: #000000;\">CH-2000 Neuch\u00e2tel-Serri\u00e8res<\/span><\/p>\n<h2><span style=\"color: #000000;\">Responsables et contacts :<\/span><\/h2>\n<p><span style=\"text-decoration: underline; color: #3366ff;\">contact@mvsportlive.ch<\/span><\/p>\n<p><span style=\"color: #000000;\">Call-center : <\/span><br><span style=\"color: #000000;\">+41 (0) 32 731 37 70<\/span><\/p>\n<h2><span style=\"color: #000000;\">Compte bancaire : <\/span><\/h2>\n<p><span style=\"color: #000000;\">Banque CLER SA<\/span><br><span style=\"color: #000000;\">4002 Basel<\/span><br><span style=\"color: #000000;\">QR-IBAN : CH67 3013 3253 5548 9200 1<\/span><\/p>\n<h2><span style=\"color: #000000;\">Registre du commerce et des soci\u00e9t\u00e9s (RCS) :<\/span><\/h2>\n<p><span style=\"color: #000000;\">Nature juridique : <\/span><br><span style=\"color: #000000;\">Soci\u00e9t\u00e9 \u00e0 responsabilit\u00e9 limit\u00e9e<\/span><\/p>\n<p><span style=\"color: #000000;\">IDE &amp; TVA : CHE-113.415.517<\/span><\/p>\n<p><span style=\"color: #000000;\">Date d&rsquo;inscription : 02 f\u00e9vrier 2007<\/span><\/p>\n<p><span style=\"color: #000000;\">Acc\u00e8s sur <a href=\"https:\/\/hrc.ne.ch\/hrcintapp\/externalCompanyReport.action?companyOfrcId13=CH-645.4.100.870-7&amp;ofrcLanguage=2\"><span style=\"text-decoration: underline;\"><span style=\"color: #3366ff; text-decoration: underline;\">ne.ch<\/span><\/span><\/a><\/span><\/p>\n<h2><span style=\"color: #000000;\">Site internet : <\/span><\/h2>\n<p><span style=\"color: #000000;\">Conception et r\u00e9daction :<\/span><br><span style=\"color: #000000;\">Litaen<\/span><br><a href=\"mailto:contact@litaen.com\"><span style=\"color: #000000;\"><span style=\"text-decoration: underline; color: #3366ff;\">contact@litaen.com<\/span><\/span><\/a><\/p>\n<h2><span style=\"color: #000000;\">H\u00e9bergeur : <\/span><\/h2>\n<p><span style=\"color: #000000;\">Infomaniak Network SA<\/span><br><span style=\"color: #000000;\">Rue Eug\u00e8ne Marziano 25<\/span><br><span style=\"color: #000000;\">1227 Les Acacias (GE)<\/span><\/p>\n<p><span style=\"color: #000000;\"><br><\/span><\/p>\n<h2 style=\"font-family: Roboto, sans-serif; color: rgb(122, 122, 122);\"><span style=\"color: rgb(0, 0, 0);\">Site partenaire :<\/span><\/h2>\n<p><a href=\"http:\/\/www.sympacomm.ch\" target=\"_blank\">www.sympacomm.ch<\/a><br><\/p>\n<p><font color=\"#000000\"><br><\/font><\/p>\t\t\t\t\t\t\t\t<\/div>\n\t\t\t\t<\/div>\n\t\t\t\t\t<\/div>\n\t\t<\/div>\n\t\t\t\t\t<\/div>\n\t\t<\/section>\n\t\t\t\t<\/div>\n\t\t","protected":false},"excerpt":{"rendered":"<p>Mentions L\u00e9gales Derni\u00e8re modification : 13 septembre 2024 Si\u00e8ge social : MV. Sportlive S\u00e0rlrue des Troncs 14CH-2000 Neuch\u00e2tel-Serri\u00e8res Responsables et contacts : contact@mvsportlive.ch Call-center : +41 (0) 32 731 37 70 Compte bancaire : Banque CLER SA4002 BaselQR-IBAN : CH67 3013 3253 5548 9200 1 Registre du commerce et des soci\u00e9t\u00e9s (RCS) : Nature juridique [&hellip;]<\/p>\n","protected":false},"author":1,"featured_media":0,"parent":0,"menu_order":0,"comment_status":"closed","ping_status":"closed","template":"","meta":{"footnotes":""},"class_list":["post-392","page","type-page","status-publish","hentry"],"_links":{"self":[{"href":"https:\/\/fsgyverdonancienne.mvsportlive.ch\/index.php?rest_route=\/wp\/v2\/pages\/392","targetHints":{"allow":["GET"]}}],"collection":[{"href":"https:\/\/fsgyverdonancienne.mvsportlive.ch\/index.php?rest_route=\/wp\/v2\/pages"}],"about":[{"href":"https:\/\/fsgyverdonancienne.mvsportlive.ch\/index.php?rest_route=\/wp\/v2\/types\/page"}],"author":[{"embeddable":true,"href":"https:\/\/fsgyverdonancienne.mvsportlive.ch\/index.php?rest_route=\/wp\/v2\/users\/1"}],"replies":[{"embeddable":true,"href":"https:\/\/fsgyverdonancienne.mvsportlive.ch\/index.php?rest_route=%2Fwp%2Fv2%2Fcomments&post=392"}],"version-history":[{"count":19,"href":"https:\/\/fsgyverdonancienne.mvsportlive.ch\/index.php?rest_route=\/wp\/v2\/pages\/392\/revisions"}],"predecessor-version":[{"id":636,"href":"https:\/\/fsgyverdonancienne.mvsportlive.ch\/index.php?rest_route=\/wp\/v2\/pages\/392\/revisions\/636"}],"wp:attachment":[{"href":"https:\/\/fsgyverdonancienne.mvsportlive.ch\/index.php?rest_route=%2Fwp%2Fv2%2Fmedia&parent=392"}],"curies":[{"name":"wp","href":"https:\/\/api.w.org\/{rel}","templated":true}]}}